{"id":54025,"date":"2025-06-25T14:51:52","date_gmt":"2025-06-25T14:51:52","guid":{"rendered":"https:\/\/attorneymcclure.com\/?page_id=54025"},"modified":"2025-09-02T14:29:52","modified_gmt":"2025-09-02T14:29:52","slug":"download-your-free-guide-the-biggest-mistake-people-make-after-a-truck-accident","status":"publish","type":"page","link":"https:\/\/attorneymcclure.com\/es\/download-your-free-guide-the-biggest-mistake-people-make-after-a-truck-accident\/","title":{"rendered":"Download Your Free Guide: The Biggest Mistake People Make After a Truck Accident"},"content":{"rendered":"<div data-elementor-type=\"landing-page\" data-elementor-id=\"54025\" class=\"elementor elementor-54025\" data-elementor-post-type=\"page\">\n\t\t\t\t\t\t<section class=\"elementor-section elementor-top-section elementor-element elementor-element-a135068 elementor-section-boxed elementor-section-height-default elementor-section-height-default\" data-id=\"a135068\" data-element_type=\"section\" data-e-type=\"section\" data-settings=\"{&quot;background_background&quot;:&quot;classic&quot;}\">\n\t\t\t\t\t\t<div class=\"elementor-container elementor-column-gap-default\">\n\t\t\t\t\t<div class=\"elementor-column elementor-col-50 elementor-top-column elementor-element elementor-element-8df049a\" data-id=\"8df049a\" data-element_type=\"column\" data-e-type=\"column\">\n\t\t\t<div class=\"elementor-widget-wrap elementor-element-populated\">\n\t\t\t\t\t\t<div class=\"elementor-element elementor-element-95a31bb elementor-widget elementor-widget-image\" data-id=\"95a31bb\" data-element_type=\"widget\" data-e-type=\"widget\" data-widget_type=\"image.default\">\n\t\t\t\t\t\t\t\t\t\t\t\t\t\t\t<img fetchpriority=\"high\" decoding=\"async\" width=\"1024\" height=\"777\" src=\"https:\/\/attorneymcclure.com\/wp-content\/uploads\/2025\/09\/DOWNLOAD-YOUR-FREE-GUIDE-1-e1756823325246-1024x777.png\" class=\"attachment-large size-large wp-image-54230\" alt=\"\" srcset=\"https:\/\/attorneymcclure.com\/wp-content\/uploads\/2025\/09\/DOWNLOAD-YOUR-FREE-GUIDE-1-e1756823325246-1024x777.png 1024w, https:\/\/attorneymcclure.com\/wp-content\/uploads\/2025\/09\/DOWNLOAD-YOUR-FREE-GUIDE-1-e1756823325246-300x228.png 300w, https:\/\/attorneymcclure.com\/wp-content\/uploads\/2025\/09\/DOWNLOAD-YOUR-FREE-GUIDE-1-e1756823325246-768x583.png 768w, https:\/\/attorneymcclure.com\/wp-content\/uploads\/2025\/09\/DOWNLOAD-YOUR-FREE-GUIDE-1-e1756823325246-16x12.png 16w, https:\/\/attorneymcclure.com\/wp-content\/uploads\/2025\/09\/DOWNLOAD-YOUR-FREE-GUIDE-1-e1756823325246.png 1080w\" sizes=\"(max-width: 1024px) 100vw, 1024px\" \/>\t\t\t\t\t\t\t\t\t\t\t\t\t\t\t<\/div>\n\t\t\t\t\t<\/div>\n\t\t<\/div>\n\t\t\t\t<div class=\"elementor-column elementor-col-50 elementor-top-column elementor-element elementor-element-377e898\" data-id=\"377e898\" data-element_type=\"column\" data-e-type=\"column\">\n\t\t\t<div class=\"elementor-widget-wrap elementor-element-populated\">\n\t\t\t\t\t\t<div class=\"elementor-element elementor-element-856b464 elementor-widget elementor-widget-heading\" data-id=\"856b464\" data-element_type=\"widget\" data-e-type=\"widget\" data-widget_type=\"heading.default\">\n\t\t\t\t\t<h2 class=\"elementor-heading-title elementor-size-default\">Download Your Free Guide<\/h2>\t\t\t\t<\/div>\n\t\t\t\t<div class=\"elementor-element elementor-element-a73e03c elementor-widget elementor-widget-text-editor\" data-id=\"a73e03c\" data-element_type=\"widget\" data-e-type=\"widget\" data-widget_type=\"text-editor.default\">\n\t\t\t\t\t\t\t\t\t<p>A truck accident is overwhelming. Beyond injuries and vehicle damage, you face insurance companies focused on paying less. Many victims in Houston overlook a specific, subtle interaction that can reduce their truck accident compensation. This guide helps you understand it.<\/p>\t\t\t\t\t\t\t\t<\/div>\n\t\t\t\t\t<\/div>\n\t\t<\/div>\n\t\t\t\t\t<\/div>\n\t\t<\/section>\n\t\t\t\t<\/div>","protected":false},"excerpt":{"rendered":"<p>Download [&hellip;]<\/p>\n","protected":false},"author":13,"featured_media":54028,"parent":0,"menu_order":0,"comment_status":"closed","ping_status":"closed","template":"","meta":{"site-sidebar-layout":"no-sidebar","site-content-layout":"page-builder","ast-site-content-layout":"full-width-container","site-content-style":"unboxed","site-sidebar-style":"unboxed","ast-global-header-display":"","ast-banner-title-visibility":"","ast-main-header-display":"","ast-hfb-above-header-display":"","ast-hfb-below-header-display":"","ast-hfb-mobile-header-display":"","site-post-title":"disabled","ast-breadcrumbs-content":"","ast-featured-img":"disabled","footer-sml-layout":"","ast-disable-related-posts":"","theme-transparent-header-meta":"default","adv-header-id-meta":"","stick-header-meta":"default","header-above-stick-meta":"","header-main-stick-meta":"","header-below-stick-meta":"","astra-migrate-meta-layouts":"set","ast-page-background-enabled":"default","ast-page-background-meta":{"desktop":{"background-color":"var(--ast-global-color-4)","background-image":"","background-repeat":"repeat","background-position":"center center","background-size":"auto","background-attachment":"scroll","background-type":"","background-media":"","overlay-type":"","overlay-color":"","overlay-opacity":"","overlay-gradient":""},"tablet":{"background-color":"","background-image":"","background-repeat":"repeat","background-position":"center center","background-size":"auto","background-attachment":"scroll","background-type":"","background-media":"","overlay-type":"","overlay-color":"","overlay-opacity":"","overlay-gradient":""},"mobile":{"background-color":"","background-image":"","background-repeat":"repeat","background-position":"center center","background-size":"auto","background-attachment":"scroll","background-type":"","background-media":"","overlay-type":"","overlay-color":"","overlay-opacity":"","overlay-gradient":""}},"ast-content-background-meta":{"desktop":{"background-color":"var(--ast-global-color-5)","background-image":"","background-repeat":"repeat","background-position":"center center","background-size":"auto","background-attachment":"scroll","background-type":"","background-media":"","overlay-type":"","overlay-color":"","overlay-opacity":"","overlay-gradient":""},"tablet":{"background-color":"var(--ast-global-color-5)","background-image":"","background-repeat":"repeat","background-position":"center center","background-size":"auto","background-attachment":"scroll","background-type":"","background-media":"","overlay-type":"","overlay-color":"","overlay-opacity":"","overlay-gradient":""},"mobile":{"background-color":"var(--ast-global-color-5)","background-image":"","background-repeat":"repeat","background-position":"center center","background-size":"auto","background-attachment":"scroll","background-type":"","background-media":"","overlay-type":"","overlay-color":"","overlay-opacity":"","overlay-gradient":""}},"_wp_convertkit_post_meta":{"form":"-1","landing_page":"0","tag":"0","restrict_content":"0"},"footnotes":""},"class_list":["post-54025","page","type-page","status-publish","has-post-thumbnail","hentry"],"yoast_head":"<!-- This site is optimized with the Yoast SEO plugin v27.5 - https:\/\/yoast.com\/product\/yoast-seo-wordpress\/ -->\n<title>Download Your Free Guide: The Biggest Mistake People Make After a Truck Accident | Don McClure | Houston Personal Injury Attorney<\/title>\n<meta name=\"description\" content=\"Recibir\u00e1 el pr\u00f3ximo n\u00famero directamente en su correo electr\u00f3nico tan pronto como est\u00e9 disponible. Incluye informaci\u00f3n general sobre accidentes y procesos legales. No es asesor\u00eda legal.\" \/>\n<meta name=\"robots\" content=\"index, follow, max-snippet:-1, max-image-preview:large, max-video-preview:-1\" \/>\n<link rel=\"canonical\" href=\"https:\/\/attorneymcclure.com\/es\/download-your-free-guide-the-biggest-mistake-people-make-after-a-truck-accident\/\" \/>\n<meta property=\"og:locale\" content=\"es_MX\" \/>\n<meta property=\"og:type\" content=\"article\" \/>\n<meta property=\"og:title\" content=\"Bolet\u00edn informativo mensual sobre lesiones personales en Houston\" \/>\n<meta property=\"og:description\" content=\"Recibir\u00e1 el pr\u00f3ximo n\u00famero directamente en su correo electr\u00f3nico tan pronto como est\u00e9 disponible. Incluye informaci\u00f3n general sobre accidentes y procesos legales en Houston. No es asesor\u00eda legal.\" \/>\n<meta property=\"og:url\" content=\"https:\/\/attorneymcclure.com\/es\/download-your-free-guide-the-biggest-mistake-people-make-after-a-truck-accident\/\" \/>\n<meta property=\"og:site_name\" content=\"Don McClure | Houston Personal Injury Attorney\" \/>\n<meta property=\"article:publisher\" content=\"https:\/\/www.facebook.com\/attorneymcclure\/\" \/>\n<meta property=\"article:modified_time\" content=\"2025-09-02T14:29:52+00:00\" \/>\n<meta property=\"og:image\" content=\"https:\/\/api.attorneymcclure.com\/wp-content\/uploads\/2025\/06\/Don-McClure-Houston-Personal-Injury-Attorney.png\" \/>\n\t<meta property=\"og:image:width\" content=\"600\" \/>\n\t<meta property=\"og:image:height\" content=\"200\" \/>\n\t<meta property=\"og:image:type\" content=\"image\/png\" \/>\n<meta name=\"twitter:card\" content=\"summary_large_image\" \/>\n<meta name=\"twitter:site\" content=\"@attorneymcclure\" \/>\n<script type=\"application\/ld+json\" class=\"yoast-schema-graph\">{\"@context\":\"https:\\\/\\\/schema.org\",\"@graph\":[{\"@type\":\"WebPage\",\"@id\":\"https:\\\/\\\/attorneymcclure.com\\\/download-your-free-guide-the-biggest-mistake-people-make-after-a-truck-accident\\\/\",\"url\":\"https:\\\/\\\/attorneymcclure.com\\\/download-your-free-guide-the-biggest-mistake-people-make-after-a-truck-accident\\\/\",\"name\":\"Download Your Free Guide: The Biggest Mistake People Make After a Truck Accident | Don McClure | Houston Personal Injury Attorney\",\"isPartOf\":{\"@id\":\"https:\\\/\\\/attorneymcclure.com\\\/es\\\/#website\"},\"primaryImageOfPage\":{\"@id\":\"https:\\\/\\\/attorneymcclure.com\\\/download-your-free-guide-the-biggest-mistake-people-make-after-a-truck-accident\\\/#primaryimage\"},\"image\":{\"@id\":\"https:\\\/\\\/attorneymcclure.com\\\/download-your-free-guide-the-biggest-mistake-people-make-after-a-truck-accident\\\/#primaryimage\"},\"thumbnailUrl\":\"https:\\\/\\\/attorneymcclure.com\\\/wp-content\\\/uploads\\\/2025\\\/06\\\/DOWNLOAD-YOUR-FREE-GUIDE.png\",\"datePublished\":\"2025-06-25T14:51:52+00:00\",\"dateModified\":\"2025-09-02T14:29:52+00:00\",\"description\":\"Recibir\u00e1 el pr\u00f3ximo n\u00famero directamente en su correo electr\u00f3nico tan pronto como est\u00e9 disponible. Incluye informaci\u00f3n general sobre accidentes y procesos legales. No es asesor\u00eda legal.\",\"breadcrumb\":{\"@id\":\"https:\\\/\\\/attorneymcclure.com\\\/download-your-free-guide-the-biggest-mistake-people-make-after-a-truck-accident\\\/#breadcrumb\"},\"inLanguage\":\"es\",\"potentialAction\":[{\"@type\":\"ReadAction\",\"target\":[\"https:\\\/\\\/attorneymcclure.com\\\/download-your-free-guide-the-biggest-mistake-people-make-after-a-truck-accident\\\/\"]}]},{\"@type\":\"ImageObject\",\"inLanguage\":\"es\",\"@id\":\"https:\\\/\\\/attorneymcclure.com\\\/download-your-free-guide-the-biggest-mistake-people-make-after-a-truck-accident\\\/#primaryimage\",\"url\":\"https:\\\/\\\/attorneymcclure.com\\\/wp-content\\\/uploads\\\/2025\\\/06\\\/DOWNLOAD-YOUR-FREE-GUIDE.png\",\"contentUrl\":\"https:\\\/\\\/attorneymcclure.com\\\/wp-content\\\/uploads\\\/2025\\\/06\\\/DOWNLOAD-YOUR-FREE-GUIDE.png\",\"width\":1920,\"height\":1080},{\"@type\":\"BreadcrumbList\",\"@id\":\"https:\\\/\\\/attorneymcclure.com\\\/download-your-free-guide-the-biggest-mistake-people-make-after-a-truck-accident\\\/#breadcrumb\",\"itemListElement\":[{\"@type\":\"ListItem\",\"position\":1,\"name\":\"Home\",\"item\":\"https:\\\/\\\/attorneymcclure.com\\\/\"},{\"@type\":\"ListItem\",\"position\":2,\"name\":\"Download Your Free Guide: The Biggest Mistake People Make After a Truck Accident\"}]},{\"@type\":\"WebSite\",\"@id\":\"https:\\\/\\\/attorneymcclure.com\\\/es\\\/#website\",\"url\":\"https:\\\/\\\/attorneymcclure.com\\\/es\\\/\",\"name\":\"Law Office of Don E. McClure\",\"description\":\"The Law Office of Don E. McClure, Jr. helps individuals in Houston, Pasadena, and nearby areas navigate legal issues after serious injuries. We handle cases involving car wrecks, truck collisions, work injuries, and refinery-related incidents. With over 30 years of experience, our firm offers clear communication, personalized attention, and free consultations. No fee unless we recover compensation.\",\"publisher\":{\"@id\":\"https:\\\/\\\/attorneymcclure.com\\\/es\\\/#organization\"},\"alternateName\":\"Don E. McClure Houston Personal Injury Attorney\",\"potentialAction\":[{\"@type\":\"SearchAction\",\"target\":{\"@type\":\"EntryPoint\",\"urlTemplate\":\"https:\\\/\\\/attorneymcclure.com\\\/es\\\/?s={search_term_string}\"},\"query-input\":{\"@type\":\"PropertyValueSpecification\",\"valueRequired\":true,\"valueName\":\"search_term_string\"}}],\"inLanguage\":\"es\"},{\"@type\":\"Organization\",\"@id\":\"https:\\\/\\\/attorneymcclure.com\\\/es\\\/#organization\",\"name\":\"Law Office of Don E. McClure\",\"url\":\"https:\\\/\\\/attorneymcclure.com\\\/es\\\/\",\"logo\":{\"@type\":\"ImageObject\",\"inLanguage\":\"es\",\"@id\":\"https:\\\/\\\/attorneymcclure.com\\\/es\\\/#\\\/schema\\\/logo\\\/image\\\/\",\"url\":\"https:\\\/\\\/attorneymcclure.com\\\/wp-content\\\/uploads\\\/2026\\\/01\\\/Round-Logo_With-Blue-Background-scaled.jpg\",\"contentUrl\":\"https:\\\/\\\/attorneymcclure.com\\\/wp-content\\\/uploads\\\/2026\\\/01\\\/Round-Logo_With-Blue-Background-scaled.jpg\",\"width\":2560,\"height\":2560,\"caption\":\"Law Office of Don E. McClure\"},\"image\":{\"@id\":\"https:\\\/\\\/attorneymcclure.com\\\/es\\\/#\\\/schema\\\/logo\\\/image\\\/\"},\"sameAs\":[\"https:\\\/\\\/www.facebook.com\\\/attorneymcclure\\\/\",\"https:\\\/\\\/x.com\\\/attorneymcclure\",\"https:\\\/\\\/www.instagram.com\\\/attorneymcclure\\\/\",\"https:\\\/\\\/www.linkedin.com\\\/in\\\/don-mcclure-60762220\\\/\",\"https:\\\/\\\/www.youtube.com\\\/channel\\\/UCNIfKMwtY27Hih6qBdD7qtg\"]}]}<\/script>\n<!-- \/ Yoast SEO plugin. -->","yoast_head_json":{"title":"Download Your Free Guide: The Biggest Mistake People Make After a Truck Accident | Don McClure | Houston Personal Injury Attorney","description":"Recibir\u00e1 el pr\u00f3ximo n\u00famero directamente en su correo electr\u00f3nico tan pronto como est\u00e9 disponible. Incluye informaci\u00f3n general sobre accidentes y procesos legales. No es asesor\u00eda legal.","robots":{"index":"index","follow":"follow","max-snippet":"max-snippet:-1","max-image-preview":"max-image-preview:large","max-video-preview":"max-video-preview:-1"},"canonical":"https:\/\/attorneymcclure.com\/es\/download-your-free-guide-the-biggest-mistake-people-make-after-a-truck-accident\/","og_locale":"es_MX","og_type":"article","og_title":"Bolet\u00edn informativo mensual sobre lesiones personales en Houston","og_description":"Recibir\u00e1 el pr\u00f3ximo n\u00famero directamente en su correo electr\u00f3nico tan pronto como est\u00e9 disponible. Incluye informaci\u00f3n general sobre accidentes y procesos legales en Houston. No es asesor\u00eda legal.","og_url":"https:\/\/attorneymcclure.com\/es\/download-your-free-guide-the-biggest-mistake-people-make-after-a-truck-accident\/","og_site_name":"Don McClure | Houston Personal Injury Attorney","article_publisher":"https:\/\/www.facebook.com\/attorneymcclure\/","article_modified_time":"2025-09-02T14:29:52+00:00","og_image":[{"width":600,"height":200,"url":"https:\/\/api.attorneymcclure.com\/wp-content\/uploads\/2025\/06\/Don-McClure-Houston-Personal-Injury-Attorney.png","type":"image\/png"}],"twitter_card":"summary_large_image","twitter_site":"@attorneymcclure","schema":{"@context":"https:\/\/schema.org","@graph":[{"@type":"WebPage","@id":"https:\/\/attorneymcclure.com\/download-your-free-guide-the-biggest-mistake-people-make-after-a-truck-accident\/","url":"https:\/\/attorneymcclure.com\/download-your-free-guide-the-biggest-mistake-people-make-after-a-truck-accident\/","name":"Download Your Free Guide: The Biggest Mistake People Make After a Truck Accident | Don McClure | Houston Personal Injury Attorney","isPartOf":{"@id":"https:\/\/attorneymcclure.com\/es\/#website"},"primaryImageOfPage":{"@id":"https:\/\/attorneymcclure.com\/download-your-free-guide-the-biggest-mistake-people-make-after-a-truck-accident\/#primaryimage"},"image":{"@id":"https:\/\/attorneymcclure.com\/download-your-free-guide-the-biggest-mistake-people-make-after-a-truck-accident\/#primaryimage"},"thumbnailUrl":"https:\/\/attorneymcclure.com\/wp-content\/uploads\/2025\/06\/DOWNLOAD-YOUR-FREE-GUIDE.png","datePublished":"2025-06-25T14:51:52+00:00","dateModified":"2025-09-02T14:29:52+00:00","description":"Recibir\u00e1 el pr\u00f3ximo n\u00famero directamente en su correo electr\u00f3nico tan pronto como est\u00e9 disponible. Incluye informaci\u00f3n general sobre accidentes y procesos legales. No es asesor\u00eda legal.","breadcrumb":{"@id":"https:\/\/attorneymcclure.com\/download-your-free-guide-the-biggest-mistake-people-make-after-a-truck-accident\/#breadcrumb"},"inLanguage":"es","potentialAction":[{"@type":"ReadAction","target":["https:\/\/attorneymcclure.com\/download-your-free-guide-the-biggest-mistake-people-make-after-a-truck-accident\/"]}]},{"@type":"ImageObject","inLanguage":"es","@id":"https:\/\/attorneymcclure.com\/download-your-free-guide-the-biggest-mistake-people-make-after-a-truck-accident\/#primaryimage","url":"https:\/\/attorneymcclure.com\/wp-content\/uploads\/2025\/06\/DOWNLOAD-YOUR-FREE-GUIDE.png","contentUrl":"https:\/\/attorneymcclure.com\/wp-content\/uploads\/2025\/06\/DOWNLOAD-YOUR-FREE-GUIDE.png","width":1920,"height":1080},{"@type":"BreadcrumbList","@id":"https:\/\/attorneymcclure.com\/download-your-free-guide-the-biggest-mistake-people-make-after-a-truck-accident\/#breadcrumb","itemListElement":[{"@type":"ListItem","position":1,"name":"Home","item":"https:\/\/attorneymcclure.com\/"},{"@type":"ListItem","position":2,"name":"Download Your Free Guide: The Biggest Mistake People Make After a Truck Accident"}]},{"@type":"WebSite","@id":"https:\/\/attorneymcclure.com\/es\/#website","url":"https:\/\/attorneymcclure.com\/es\/","name":"Law Office of Don E. McClure","description":"The Law Office of Don E. McClure, Jr. helps individuals in Houston, Pasadena, and nearby areas navigate legal issues after serious injuries. We handle cases involving car wrecks, truck collisions, work injuries, and refinery-related incidents. With over 30 years of experience, our firm offers clear communication, personalized attention, and free consultations. No fee unless we recover compensation.","publisher":{"@id":"https:\/\/attorneymcclure.com\/es\/#organization"},"alternateName":"Don E. McClure Houston Personal Injury Attorney","potentialAction":[{"@type":"SearchAction","target":{"@type":"EntryPoint","urlTemplate":"https:\/\/attorneymcclure.com\/es\/?s={search_term_string}"},"query-input":{"@type":"PropertyValueSpecification","valueRequired":true,"valueName":"search_term_string"}}],"inLanguage":"es"},{"@type":"Organization","@id":"https:\/\/attorneymcclure.com\/es\/#organization","name":"Law Office of Don E. McClure","url":"https:\/\/attorneymcclure.com\/es\/","logo":{"@type":"ImageObject","inLanguage":"es","@id":"https:\/\/attorneymcclure.com\/es\/#\/schema\/logo\/image\/","url":"https:\/\/attorneymcclure.com\/wp-content\/uploads\/2026\/01\/Round-Logo_With-Blue-Background-scaled.jpg","contentUrl":"https:\/\/attorneymcclure.com\/wp-content\/uploads\/2026\/01\/Round-Logo_With-Blue-Background-scaled.jpg","width":2560,"height":2560,"caption":"Law Office of Don E. McClure"},"image":{"@id":"https:\/\/attorneymcclure.com\/es\/#\/schema\/logo\/image\/"},"sameAs":["https:\/\/www.facebook.com\/attorneymcclure\/","https:\/\/x.com\/attorneymcclure","https:\/\/www.instagram.com\/attorneymcclure\/","https:\/\/www.linkedin.com\/in\/don-mcclure-60762220\/","https:\/\/www.youtube.com\/channel\/UCNIfKMwtY27Hih6qBdD7qtg"]}]}},"_links":{"self":[{"href":"https:\/\/attorneymcclure.com\/es\/wp-json\/wp\/v2\/pages\/54025","targetHints":{"allow":["GET"]}}],"collection":[{"href":"https:\/\/attorneymcclure.com\/es\/wp-json\/wp\/v2\/pages"}],"about":[{"href":"https:\/\/attorneymcclure.com\/es\/wp-json\/wp\/v2\/types\/page"}],"author":[{"embeddable":true,"href":"https:\/\/attorneymcclure.com\/es\/wp-json\/wp\/v2\/users\/13"}],"replies":[{"embeddable":true,"href":"https:\/\/attorneymcclure.com\/es\/wp-json\/wp\/v2\/comments?post=54025"}],"version-history":[{"count":0,"href":"https:\/\/attorneymcclure.com\/es\/wp-json\/wp\/v2\/pages\/54025\/revisions"}],"wp:featuredmedia":[{"embeddable":true,"href":"https:\/\/attorneymcclure.com\/es\/wp-json\/wp\/v2\/media\/54028"}],"wp:attachment":[{"href":"https:\/\/attorneymcclure.com\/es\/wp-json\/wp\/v2\/media?parent=54025"}],"curies":[{"name":"wp","href":"https:\/\/api.w.org\/{rel}","templated":true}]}}